{"id":1230,"date":"2025-05-02T10:57:23","date_gmt":"2025-05-02T08:57:23","guid":{"rendered":"https:\/\/www.lesenfantsclub.com\/politica-de-privacidad\/"},"modified":"2025-05-02T11:34:22","modified_gmt":"2025-05-02T09:34:22","slug":"politica-de-privacidad","status":"publish","type":"page","link":"https:\/\/www.lesenfantsclub.com\/es\/politica-de-privacidad\/","title":{"rendered":"Pol\u00edtica de privacidad"},"content":{"rendered":"<p>[et_pb_section fb_built=&#8221;1&#8243; _builder_version=&#8221;4.27.2&#8243; _module_preset=&#8221;default&#8221; background_color=&#8221;#000000&#8243; custom_padding=&#8221;||0px|||&#8221; global_colors_info=&#8221;{}&#8221;][et_pb_row use_custom_gutter=&#8221;on&#8221; gutter_width=&#8221;2&#8243; make_equal=&#8221;on&#8221; _builder_version=&#8221;4.27.2&#8243; _module_preset=&#8221;default&#8221; width=&#8221;95%&#8221; max_width=&#8221;2560px&#8221; global_colors_info=&#8221;{}&#8221;][et_pb_column type=&#8221;4_4&#8243; _builder_version=&#8221;4.27.2&#8243; _module_preset=&#8221;default&#8221; global_colors_info=&#8221;{}&#8221;][et_pb_text _builder_version=&#8221;4.27.4&#8243; _module_preset=&#8221;default&#8221; header_font=&#8221;||||||||&#8221; header_font_size=&#8221;40px&#8221; hover_enabled=&#8221;0&#8243; header_font_size_tablet=&#8221;40px&#8221; header_font_size_phone=&#8221;35px&#8221; header_font_size_last_edited=&#8221;on|phone&#8221; global_colors_info=&#8221;{}&#8221; sticky_enabled=&#8221;0&#8243;]<\/p>\n<h1>POL\u00cdTICA DE PRIVACIDAD<\/h1>\n<p>[\/et_pb_text][\/et_pb_column][\/et_pb_row][\/et_pb_section][et_pb_section fb_built=&#8221;1&#8243; theme_builder_area=&#8221;post_content&#8221; _builder_version=&#8221;4.27.4&#8243; _module_preset=&#8221;default&#8221; background_color=&#8221;#000000&#8243; hover_enabled=&#8221;0&#8243; sticky_enabled=&#8221;0&#8243; custom_padding=&#8221;0px|||||&#8221;][et_pb_row _builder_version=&#8221;4.27.4&#8243; _module_preset=&#8221;default&#8221; theme_builder_area=&#8221;post_content&#8221; use_custom_gutter=&#8221;on&#8221; gutter_width=&#8221;2&#8243; make_equal=&#8221;on&#8221; width=&#8221;95%&#8221; max_width=&#8221;2560px&#8221;][et_pb_column _builder_version=&#8221;4.27.4&#8243; _module_preset=&#8221;default&#8221; type=&#8221;4_4&#8243; theme_builder_area=&#8221;post_content&#8221;][et_pb_text _builder_version=&#8221;4.27.4&#8243; _module_preset=&#8221;default&#8221; theme_builder_area=&#8221;post_content&#8221; hover_enabled=&#8221;0&#8243; sticky_enabled=&#8221;0&#8243;]<\/p>\n<p><strong>PRIVACIDAD. TUS DATOS. TU CONFIANZA.  <\/strong><\/p>\n<p><strong>NUESTRO COMPROMISO CONTIGO<\/strong><\/p>\n<p>T\u00fa eres el centro de todo lo que hacemos en LES ENFANTS BRILLANTS CLUB (en adelante, &#8220;nosotros&#8221; o &#8220;LES ENFANTS&#8221;). Nuestro objetivo es mantener tu confianza mediante una gesti\u00f3n respetuosa de tu informaci\u00f3n personal, proporcion\u00e1ndote el control sobre la misma. <\/p>\n<p>Es esencial que entiendas qu\u00e9 informaci\u00f3n personal recopila LES ENFANTS sobre ti y c\u00f3mo la utilizamos. Hemos hecho todo lo posible para que nuestras explicaciones sean concisas y f\u00e1ciles de entender. Si necesitas informaci\u00f3n adicional o tienes alguna pregunta, ponte en contacto con nuestro Responsable de Protecci\u00f3n de Datos a trav\u00e9s de los datos de &#8220;Contacto&#8221; que aparecen a continuaci\u00f3n.  <\/p>\n<p>Te notificaremos si realizamos alg\u00fan cambio sustancial en nuestras pr\u00e1cticas de privacidad y solicitaremos tu consentimiento si es necesario.<\/p>\n<p><strong>AVISO DE PRIVACIDAD<\/strong><\/p>\n<p>Nuestro Aviso de Privacidad est\u00e1 dise\u00f1ado pensando en ti. La aplicaci\u00f3n de este aviso depende de c\u00f3mo interact\u00faes con nosotros. Por ejemplo:  <\/p>\n<p>Si compras una entrada, utilizaremos la informaci\u00f3n que nos proporciones para cumplir nuestras obligaciones contigo y, cuando est\u00e9 permitido, para mantenerte informado sobre otros eventos que puedan interesarte.<br \/>Cuando navegas por nuestro sitio web, utilizamos cookies para personalizar tu experiencia, con el objetivo de ofrecerte un viaje sin interrupciones.<br \/>Tus opciones y derechos en cada caso se detallan m\u00e1s adelante. Haz clic en cada icono para obtener m\u00e1s informaci\u00f3n, o despl\u00e1zate hacia abajo para leer la pol\u00edtica completa. <\/p>\n<p><strong>PRIVACIDAD: INFORMACI\u00d3N QUE RECOGEMOS Y DE D\u00d3NDE LA OBTENEMOS<\/strong><\/p>\n<p>Recogemos y almacenamos diferentes tipos de informaci\u00f3n sobre ti cuando creas una cuenta, compras entradas, te pones en contacto con nosotros o utilizas nuestro sitio web, aplicaci\u00f3n y plataformas de redes sociales.<\/p>\n<p><strong>C\u00d3MO UTILIZAMOS TU INFORMACI\u00d3N Y POR QU\u00c9<\/strong><\/p>\n<p>Recogemos y utilizamos tu informaci\u00f3n con diversos fines, como ayudarte a acceder a los programas que te gustan, compartir noticias, fines de marketing y seg\u00fan lo exija la ley.<\/p>\n<p><strong>CON QUI\u00c9N COMPARTIMOS TUS DATOS Y POR QU\u00c9<\/strong><\/p>\n<p>Podemos compartir tu informaci\u00f3n con el Socio del Evento (como el artista, el promotor, el sello discogr\u00e1fico, el equipo o el lugar), as\u00ed como con otros terceros asociados al servicio prestado.<\/p>\n<p><strong>TUS OPCIONES Y DERECHOS<\/strong><\/p>\n<p>Tus derechos<\/p>\n<p>Acceso: Tienes derecho a acceder a la informaci\u00f3n que tenemos sobre ti.<br \/>Rectificaci\u00f3n: Tienes derecho a corregir, modificar o actualizar la informaci\u00f3n que nos proporciones.<br \/>Supresi\u00f3n: Puedes solicitar la supresi\u00f3n de tus datos o su uso restringido.<br \/>Oposici\u00f3n: Puedes oponerte a que procesemos tus datos.<br \/>C\u00d3MO PROTEGEMOS TU INFORMACI\u00d3N<\/p>\n<p>Tomamos sistem\u00e1ticamente medidas para garantizar la seguridad de tu informaci\u00f3n y para eliminarla de forma segura cuando ya no sea necesaria.<\/p>\n<p><strong>CONT\u00c1CTANOS<\/strong><\/p>\n<p>Si tienes alguna pregunta, duda o comentario, o si deseas ejercer tus derechos en relaci\u00f3n con tus datos -como solicitar su supresi\u00f3n, modificaci\u00f3n u oponerte a su uso-, ponte en contacto con nosotros en: <a href=\"mailto:info@enfantsbcn.com\">info@enfantsbcn.com<\/a>.<\/p>\n<p>&nbsp;<\/p>\n<ul><\/ul>\n<p>[\/et_pb_text][\/et_pb_column][\/et_pb_row][\/et_pb_section]<\/p>\n","protected":false},"excerpt":{"rendered":"<p>POL\u00cdTICA DE PRIVACIDADPRIVACIDAD. TUS DATOS. TU CONFIANZA. NUESTRO COMPROMISO CONTIGO T\u00fa eres el centro de todo lo que hacemos en LES ENFANTS BRILLANTS CLUB (en adelante, &#8220;nosotros&#8221; o &#8220;LES ENFANTS&#8221;). Nuestro objetivo es mantener tu confianza mediante una gesti\u00f3n respetuosa de tu informaci\u00f3n personal, proporcion\u00e1ndote el control sobre la misma. Es esencial que entiendas qu\u00e9 [&hellip;]<\/p>\n","protected":false},"author":1,"featured_media":0,"parent":0,"menu_order":0,"comment_status":"closed","ping_status":"closed","template":"","meta":{"_acf_changed":false,"_et_pb_use_builder":"on","_et_pb_old_content":"","_et_gb_content_width":"","footnotes":""},"class_list":["post-1230","page","type-page","status-publish","hentry"],"acf":[],"_links":{"self":[{"href":"https:\/\/www.lesenfantsclub.com\/es\/wp-json\/wp\/v2\/pages\/1230","targetHints":{"allow":["GET"]}}],"collection":[{"href":"https:\/\/www.lesenfantsclub.com\/es\/wp-json\/wp\/v2\/pages"}],"about":[{"href":"https:\/\/www.lesenfantsclub.com\/es\/wp-json\/wp\/v2\/types\/page"}],"author":[{"embeddable":true,"href":"https:\/\/www.lesenfantsclub.com\/es\/wp-json\/wp\/v2\/users\/1"}],"replies":[{"embeddable":true,"href":"https:\/\/www.lesenfantsclub.com\/es\/wp-json\/wp\/v2\/comments?post=1230"}],"version-history":[{"count":2,"href":"https:\/\/www.lesenfantsclub.com\/es\/wp-json\/wp\/v2\/pages\/1230\/revisions"}],"predecessor-version":[{"id":1232,"href":"https:\/\/www.lesenfantsclub.com\/es\/wp-json\/wp\/v2\/pages\/1230\/revisions\/1232"}],"wp:attachment":[{"href":"https:\/\/www.lesenfantsclub.com\/es\/wp-json\/wp\/v2\/media?parent=1230"}],"curies":[{"name":"wp","href":"https:\/\/api.w.org\/{rel}","templated":true}]}}