{"id":1060,"date":"2024-10-16T11:39:35","date_gmt":"2024-10-16T09:39:35","guid":{"rendered":"https:\/\/www.lesenfantsclub.com\/contacto\/"},"modified":"2025-03-17T11:12:34","modified_gmt":"2025-03-17T10:12:34","slug":"contacto","status":"publish","type":"page","link":"https:\/\/www.lesenfantsclub.com\/es\/contacto\/","title":{"rendered":"Contacto"},"content":{"rendered":"<p>[et_pb_section fb_built=&#8221;1&#8243; _builder_version=&#8221;4.27.2&#8243; _module_preset=&#8221;default&#8221; background_color=&#8221;#000000&#8243; custom_padding=&#8221;||0px|||&#8221; global_colors_info=&#8221;{}&#8221;][et_pb_row use_custom_gutter=&#8221;on&#8221; gutter_width=&#8221;2&#8243; make_equal=&#8221;on&#8221; _builder_version=&#8221;4.27.2&#8243; _module_preset=&#8221;default&#8221; width=&#8221;95%&#8221; max_width=&#8221;2560px&#8221; global_colors_info=&#8221;{}&#8221;][et_pb_column type=&#8221;4_4&#8243; _builder_version=&#8221;4.27.2&#8243; _module_preset=&#8221;default&#8221; global_colors_info=&#8221;{}&#8221;][et_pb_text _builder_version=&#8221;4.27.2&#8243; _module_preset=&#8221;default&#8221; header_font=&#8221;||||||||&#8221; header_font_size=&#8221;40px&#8221; header_font_size_tablet=&#8221;40px&#8221; header_font_size_phone=&#8221;35px&#8221; header_font_size_last_edited=&#8221;on|phone&#8221; global_colors_info=&#8221;{}&#8221;]<\/p>\n<h1>Preguntas frecuentes<\/h1>\n<p>[\/et_pb_text][\/et_pb_column][\/et_pb_row][\/et_pb_section][et_pb_section fb_built=&#8221;1&#8243; _builder_version=&#8221;4.27.2&#8243; _module_preset=&#8221;default&#8221; background_color=&#8221;#000000&#8243; custom_padding=&#8221;0px||34px|||&#8221; global_colors_info=&#8221;{}&#8221;][et_pb_row module_id=&#8221;conmutador-faq&#8221; _builder_version=&#8221;4.27.2&#8243; _module_preset=&#8221;default&#8221; width=&#8221;95%&#8221; max_width=&#8221;2560px&#8221; global_colors_info=&#8221;{}&#8221;][et_pb_column type=&#8221;4_4&#8243; _builder_version=&#8221;4.27.2&#8243; _module_preset=&#8221;default&#8221; global_colors_info=&#8221;{}&#8221;][et_pb_toggle title=&#8221;Reglas b\u00e1sicas de la casa&#8221; open_toggle_text_color=&#8221;#FFFFFF&#8221; open_toggle_background_color=&#8221;#000000&#8243; closed_toggle_background_color=&#8221;#000000&#8243; _builder_version=&#8221;4.27.4&#8243; _module_preset=&#8221;default&#8221; title_text_color=&#8221;#FFFFFF&#8221; title_level=&#8221;h3&#8243; title_font=&#8221;JetBrains BOLD|||on|||||&#8221; title_font_size=&#8221;20px&#8221; custom_margin=&#8221;||-1px|||&#8221; hover_enabled=&#8221;0&#8243; border_width_all=&#8221;0px&#8221; border_width_top=&#8221;1px&#8221; border_width_bottom=&#8221;1px&#8221; global_colors_info=&#8221;{}&#8221; sticky_enabled=&#8221;0&#8243;]<\/p>\n<p>Nuestro espacio est\u00e1 dedicado a la m\u00fasica, la creatividad y la conexi\u00f3n. Para garantizar una experiencia segura y placentera para todos, les rogamos que respeten las siguientes normas: <\/p>\n<ul>\n<li><strong>Todo el mundo es bienvenido.<\/strong> Tenemos tolerancia cero ante la discriminaci\u00f3n, el acoso o la violencia de cualquier tipo. Cualquier incumplimiento de esta norma resultar\u00e1 en la expulsi\u00f3n inmediata. <\/li>\n<li><strong>Respeta el espacio y a las personas.<\/strong> No se tolerar\u00e1n comportamientos agresivos, amenazas ni robos.<\/li>\n<li><strong>Cuidaos unos a otros.<\/strong> Si t\u00fa o alguien cercano necesita ayuda, por favor informa a nuestro personal; estamos aqu\u00ed para ayudar.<\/li>\n<li><strong>Disfruta el momento, pero s\u00e9 consciente.<\/strong> Si\u00e9ntete libre de capturar recuerdos, pero no se permite el uso de flash.<\/li>\n<li><strong>Mantente seguro y s\u00e9 responsable.<\/strong> Cu\u00eddate y cuida a quienes te rodean. Hidr\u00e1tate, toma descansos y recuerda que las sustancias ilegales y la vestimenta ofensiva est\u00e1n estrictamente prohibidas. <\/li>\n<\/ul>\n<p>[\/et_pb_toggle][et_pb_toggle title=&#8221;\u00bfC\u00d3MO LLEGO A LES ENFANTS BRILLANTS?&#8221; open_toggle_text_color=&#8221;#FFFFFF&#8221; open_toggle_background_color=&#8221;#000000&#8243; closed_toggle_background_color=&#8221;#000000&#8243; _builder_version=&#8221;4.27.4&#8243; _module_preset=&#8221;default&#8221; title_text_color=&#8221;#FFFFFF&#8221; title_level=&#8221;h3&#8243; title_font=&#8221;JetBrains BOLD|||on|||||&#8221; title_font_size=&#8221;20px&#8221; custom_margin=&#8221;||-1px|||&#8221; hover_enabled=&#8221;0&#8243; border_width_all=&#8221;0px&#8221; border_width_top=&#8221;1px&#8221; border_width_bottom=&#8221;1px&#8221; global_colors_info=&#8221;{}&#8221; sticky_enabled=&#8221;0&#8243;]<\/p>\n<p>Les Enfants Brillants est\u00e1 situado en el coraz\u00f3n de Barcelona en Carrer de Gu\u00e0rdia, 3, 08001 Barcelona.<\/p>\n<p>66 \/ 5.000 Recomendamos utilizar el transporte p\u00fablico para una llegada tranquila y sencilla:<\/p>\n<ul>\n<li>Metro: Drassanes (L3 &#8211; L\u00ednea Verde) o Liceu (L3 &#8211; L\u00ednea Verde)<\/li>\n<li>Autob\u00fas: L\u00edneas V13, 59, D20, H14, N9, N12<\/li>\n<\/ul>\n<p>Para conocer las \u00faltimas actualizaciones de transporte, consulta el sitio web o la aplicaci\u00f3n de TMB Barcelona.<\/p>\n<p>[\/et_pb_toggle][et_pb_toggle title=&#8221;\u00bfCU\u00c1L ES LA EDAD M\u00cdNIMA PARA ENTRAR?&#8221; open_toggle_text_color=&#8221;#FFFFFF&#8221; open_toggle_background_color=&#8221;#000000&#8243; closed_toggle_background_color=&#8221;#000000&#8243; _builder_version=&#8221;4.27.4&#8243; _module_preset=&#8221;default&#8221; title_text_color=&#8221;#FFFFFF&#8221; title_level=&#8221;h3&#8243; title_font=&#8221;JetBrains BOLD|||on|||||&#8221; title_font_size=&#8221;20px&#8221; custom_margin=&#8221;||-1px|||&#8221; hover_enabled=&#8221;0&#8243; border_width_all=&#8221;0px&#8221; border_width_top=&#8221;1px&#8221; border_width_bottom=&#8221;1px&#8221; global_colors_info=&#8221;{}&#8221; sticky_enabled=&#8221;0&#8243;]<\/p>\n<p>La edad m\u00ednima para entrar es de 21 a\u00f1os. Se requiere una identificaci\u00f3n f\u00edsica v\u00e1lida, pasaporte o licencia de conducir para poder entrar. <\/p>\n<p>[\/et_pb_toggle][et_pb_toggle title=&#8221;\u00bfHAY UN C\u00d3DIGO DE VESTIMENTA?&#8221; open_toggle_text_color=&#8221;#FFFFFF&#8221; open_toggle_background_color=&#8221;#000000&#8243; closed_toggle_background_color=&#8221;#000000&#8243; _builder_version=&#8221;4.27.4&#8243; _module_preset=&#8221;default&#8221; title_text_color=&#8221;#FFFFFF&#8221; title_level=&#8221;h3&#8243; title_font=&#8221;JetBrains BOLD|||on|||||&#8221; title_font_size=&#8221;20px&#8221; custom_margin=&#8221;||-1px|||&#8221; hover_enabled=&#8221;0&#8243; border_width_all=&#8221;0px&#8221; border_width_top=&#8221;1px&#8221; border_width_bottom=&#8221;1px&#8221; global_colors_info=&#8221;{}&#8221; sticky_enabled=&#8221;0&#8243;]<\/p>\n<p>Les Enfants Brillants es un espacio de autoexpresi\u00f3n donde te animamos a abrazar tu estilo personal y sentirte a gusto. Si bien no hay un c\u00f3digo de vestimenta estricto, te pedimos que evites camisetas de f\u00fatbol y ropa con estampados discriminatorios u ofensivos para garantizar un ambiente acogedor e inclusivo para todos. <\/p>\n<p>[\/et_pb_toggle][et_pb_toggle title=&#8221;\u00bfEST\u00c1 PERMITIDO TOMAR FOTOS EN EL CLUB?&#8221; open_toggle_text_color=&#8221;#FFFFFF&#8221; open_toggle_background_color=&#8221;#000000&#8243; closed_toggle_background_color=&#8221;#000000&#8243; _builder_version=&#8221;4.27.4&#8243; _module_preset=&#8221;default&#8221; title_text_color=&#8221;#FFFFFF&#8221; title_level=&#8221;h3&#8243; title_font=&#8221;JetBrains BOLD|||on|||||&#8221; title_font_size=&#8221;20px&#8221; custom_margin=&#8221;||-1px|||&#8221; hover_enabled=&#8221;0&#8243; border_width_all=&#8221;0px&#8221; border_width_top=&#8221;1px&#8221; border_width_bottom=&#8221;1px&#8221; global_colors_info=&#8221;{}&#8221; sticky_enabled=&#8221;0&#8243;]<\/p>\n<p>Una vez que entres a nuestra pista de baile, te rogamos que no uses tu tel\u00e9fono. Para disfrutar el momento, te pedimos que no tomes fotos ni videos. Queremos que est\u00e9s plenamente presente. Agradecemos tu comprensi\u00f3n y cooperaci\u00f3n mientras trabajamos juntos para crear un espacio de conexi\u00f3n con la m\u00fasica y la gente.  <\/p>\n<p>[\/et_pb_toggle][et_pb_toggle title=&#8221;\u00bfD\u00d3NDE PUEDO COMPRAR LAS ENTRADAS?&#8221; open_toggle_text_color=&#8221;#FFFFFF&#8221; open_toggle_background_color=&#8221;#000000&#8243; closed_toggle_background_color=&#8221;#000000&#8243; _builder_version=&#8221;4.27.4&#8243; _module_preset=&#8221;default&#8221; title_text_color=&#8221;#FFFFFF&#8221; title_level=&#8221;h3&#8243; title_font=&#8221;JetBrains BOLD|||on|||||&#8221; title_font_size=&#8221;20px&#8221; hover_enabled=&#8221;0&#8243; border_width_all=&#8221;0px&#8221; border_width_top=&#8221;1px&#8221; border_width_bottom=&#8221;1px&#8221; global_colors_info=&#8221;{}&#8221; sticky_enabled=&#8221;0&#8243;]<\/p>\n<p>Puedes comprar tus entradas directamente a trav\u00e9s de nuestra p\u00e1gina web, en Xceed o a trav\u00e9s de Resident Advisor. Estos son los \u00fanicos puntos de venta oficiales de entradas para Les Enfants Brillants.<\/p>\n<p>[\/et_pb_toggle][\/et_pb_column][\/et_pb_row][\/et_pb_section][et_pb_section fb_built=&#8221;1&#8243; _builder_version=&#8221;4.27.2&#8243; _module_preset=&#8221;default&#8221; background_color=&#8221;#000000&#8243; custom_padding=&#8221;0px||0px|||&#8221; global_colors_info=&#8221;{}&#8221;][et_pb_row use_custom_gutter=&#8221;on&#8221; gutter_width=&#8221;2&#8243; make_equal=&#8221;on&#8221; _builder_version=&#8221;4.27.2&#8243; _module_preset=&#8221;default&#8221; width=&#8221;95%&#8221; max_width=&#8221;2560px&#8221; global_colors_info=&#8221;{}&#8221;][et_pb_column type=&#8221;4_4&#8243; _builder_version=&#8221;4.27.2&#8243; _module_preset=&#8221;default&#8221; global_colors_info=&#8221;{}&#8221;][et_pb_text _builder_version=&#8221;4.27.2&#8243; _module_preset=&#8221;default&#8221; header_font=&#8221;|||on|||||&#8221; header_font_size=&#8221;40px&#8221; header_2_font=&#8221;|||on|||||&#8221; header_2_font_size=&#8221;40px&#8221; header_font_size_tablet=&#8221;40px&#8221; header_font_size_phone=&#8221;35px&#8221; header_font_size_last_edited=&#8221;on|phone&#8221; header_2_font_size_tablet=&#8221;40px&#8221; header_2_font_size_phone=&#8221;35px&#8221; header_2_font_size_last_edited=&#8221;on|phone&#8221; global_colors_info=&#8221;{}&#8221;]<\/p>\n<h2>CONTACTO<\/h2>\n<p>[\/et_pb_text][\/et_pb_column][\/et_pb_row][et_pb_row column_structure=&#8221;1_4,1_2,1_4&#8243; _builder_version=&#8221;4.27.2&#8243; _module_preset=&#8221;default&#8221; width=&#8221;95%&#8221; max_width=&#8221;2560px&#8221; custom_padding=&#8221;||0px|||&#8221; global_colors_info=&#8221;{}&#8221;][et_pb_column type=&#8221;1_4&#8243; _builder_version=&#8221;4.27.2&#8243; _module_preset=&#8221;default&#8221; global_colors_info=&#8221;{}&#8221;][et_pb_text _builder_version=&#8221;4.27.2&#8243; _module_preset=&#8221;default&#8221; custom_margin=&#8221;||11px|||&#8221; locked=&#8221;off&#8221; global_colors_info=&#8221;{}&#8221; link_text_color__hover_enabled=&#8221;on|hover&#8221; link_text_color__hover=&#8221;#CD2222&#8243;]<\/p>\n<p class=\"p1\">C\/Guardia, 3-5 BARCELONA<br \/><a href=\"mailto:info@enfantsbcn.com\">info@enfantsbcn.com<\/a><\/p>\n<p>[\/et_pb_text][et_pb_blurb use_icon=&#8221;on&#8221; font_icon=&#8221;&#xf3fe;||fa||400&#8243; icon_color=&#8221;#FFFFFF&#8221; icon_placement=&#8221;left&#8221; image_icon_width=&#8221;24px&#8221; content_max_width=&#8221;1100px&#8221; module_id=&#8221;anunciosinespacio &#8221; _builder_version=&#8221;4.27.2&#8243; _module_preset=&#8221;default&#8221; body_link_font=&#8221;||||||||&#8221; image_icon_custom_padding=&#8221;||||false|false&#8221; width=&#8221;33%&#8221; width_tablet=&#8221;0%&#8221; width_phone=&#8221;32%&#8221; width_last_edited=&#8221;on|phone&#8221; locked=&#8221;off&#8221; global_colors_info=&#8221;{}&#8221; icon_color__hover_enabled=&#8221;off|desktop&#8221; icon_color__hover=&#8221;#CD2222&#8243; body_link_text_color__hover_enabled=&#8221;on|hover&#8221; body_link_text_color__hover=&#8221;#CD2222&#8243; body_text_color__hover_enabled=&#8221;on|hover&#8221; body_text_color__hover=&#8221;#CD2222&#8243; child_filter_hue_rotate__hover_enabled=&#8221;off|desktop&#8221;]<\/p>\n<p><a href=\"https:\/\/t.me\/+NXqx1zIyxhwzODZk\" target=\"_blank\" rel=\"noopener\">TELEGRAM<\/a><\/p>\n<p>[\/et_pb_blurb][\/et_pb_column][et_pb_column type=&#8221;1_2&#8243; _builder_version=&#8221;4.27.2&#8243; _module_preset=&#8221;default&#8221; global_colors_info=&#8221;{}&#8221;][et_pb_text _builder_version=&#8221;4.27.2&#8243; _module_preset=&#8221;default&#8221; global_colors_info=&#8221;{}&#8221;]<\/p>\n<p class=\"p1\">ABIERTO VIERNES, S\u00c1BADOS Y D\u00cdAS FESTIVOS SELECCIONADOS DESDE LA 00:00 HASTA LAS 6:00. V\u00cdSTETE C\u00d3MODO; NO IMPORTAN LAS MODAS, SOLO TRAE ZAPATOS RESISTENTES PARA LA PISTA DE BAILE.<\/p>\n<p>[\/et_pb_text][\/et_pb_column][et_pb_column type=&#8221;1_4&#8243; _builder_version=&#8221;4.27.2&#8243; _module_preset=&#8221;default&#8221; global_colors_info=&#8221;{}&#8221;][et_pb_text _builder_version=&#8221;4.27.2&#8243; _module_preset=&#8221;default&#8221; text_font=&#8221;JetBrains BOLD||||||||&#8221; custom_margin=&#8221;||4px||false|false&#8221; global_colors_info=&#8221;{}&#8221;]<\/p>\n<p>CON\u00c9CTATE CON NOSOTROS<\/p>\n<p>[\/et_pb_text][et_pb_text _builder_version=&#8221;4.27.2&#8243; _module_preset=&#8221;default&#8221; text_font=&#8221;||||||||&#8221; text_line_height=&#8221;1.4em&#8221; link_font=&#8221;||||||||&#8221; custom_margin=&#8221;||23px|||&#8221; locked=&#8221;off&#8221; global_colors_info=&#8221;{}&#8221; link_text_color__hover=&#8221;#CD2222&#8243; link_text_color__hover_enabled=&#8221;on|hover&#8221;]<\/p>\n<p class=\"p1\"><a href=\"https:\/\/www.instagram.com\/lesenfantsclub\/\" target=\"_blank\" rel=\"noopener\">INSTAGRAM<\/a><br \/><a href=\"https:\/\/open.spotify.com\/user\/31qdk4uwld5xi65k6r4kobfk4y5e?si=6027eca124ea49aa\" target=\"_blank\" rel=\"noopener\">SPOTIFY<\/a><br \/><a href=\"https:\/\/soundcloud.com\/lesenfantsclub\" target=\"_blank\" rel=\"noopener\">SOUNDCLOUD<\/a><br \/><a href=\"https:\/\/www.youtube.com\/@lesenfantsbrillants\" target=\"_blank\" rel=\"noopener\">YOUTUBE<\/a><\/p>\n<p>[\/et_pb_text][\/et_pb_column][\/et_pb_row][et_pb_row _builder_version=&#8221;4.27.2&#8243; _module_preset=&#8221;default&#8221; width=&#8221;95%&#8221; max_width=&#8221;2560px&#8221; custom_padding=&#8221;3px|||||&#8221; global_colors_info=&#8221;{}&#8221;][et_pb_column type=&#8221;4_4&#8243; _builder_version=&#8221;4.27.2&#8243; _module_preset=&#8221;default&#8221; global_colors_info=&#8221;{}&#8221;][et_pb_code _builder_version=&#8221;4.27.2&#8243; _module_preset=&#8221;default&#8221; global_colors_info=&#8221;{}&#8221;]<iframe loading=\"lazy\" src=\"https:\/\/snazzymaps.com\/embed\/656112\" width=\"100%\" height=\"450px\" style=\"border:none;\"><\/iframe>[\/et_pb_code][\/et_pb_column][\/et_pb_row][\/et_pb_section]<\/p>\n","protected":false},"excerpt":{"rendered":"<p>Preguntas frecuentesNuestro espacio est\u00e1 dedicado a la m\u00fasica, la creatividad y la conexi\u00f3n. Para garantizar una experiencia segura y placentera para todos, les rogamos que respeten las siguientes normas: Todo el mundo es bienvenido. Tenemos tolerancia cero ante la discriminaci\u00f3n, el acoso o la violencia de cualquier tipo. Cualquier incumplimiento de esta norma resultar\u00e1 en [&hellip;]<\/p>\n","protected":false},"author":1,"featured_media":0,"parent":0,"menu_order":0,"comment_status":"closed","ping_status":"closed","template":"","meta":{"_acf_changed":false,"_et_pb_use_builder":"on","_et_pb_old_content":"","_et_gb_content_width":"","footnotes":""},"class_list":["post-1060","page","type-page","status-publish","hentry"],"acf":[],"_links":{"self":[{"href":"https:\/\/www.lesenfantsclub.com\/es\/wp-json\/wp\/v2\/pages\/1060","targetHints":{"allow":["GET"]}}],"collection":[{"href":"https:\/\/www.lesenfantsclub.com\/es\/wp-json\/wp\/v2\/pages"}],"about":[{"href":"https:\/\/www.lesenfantsclub.com\/es\/wp-json\/wp\/v2\/types\/page"}],"author":[{"embeddable":true,"href":"https:\/\/www.lesenfantsclub.com\/es\/wp-json\/wp\/v2\/users\/1"}],"replies":[{"embeddable":true,"href":"https:\/\/www.lesenfantsclub.com\/es\/wp-json\/wp\/v2\/comments?post=1060"}],"version-history":[{"count":7,"href":"https:\/\/www.lesenfantsclub.com\/es\/wp-json\/wp\/v2\/pages\/1060\/revisions"}],"predecessor-version":[{"id":1068,"href":"https:\/\/www.lesenfantsclub.com\/es\/wp-json\/wp\/v2\/pages\/1060\/revisions\/1068"}],"wp:attachment":[{"href":"https:\/\/www.lesenfantsclub.com\/es\/wp-json\/wp\/v2\/media?parent=1060"}],"curies":[{"name":"wp","href":"https:\/\/api.w.org\/{rel}","templated":true}]}}